{"id":12,"date":"2019-09-05T14:40:17","date_gmt":"2019-09-05T14:40:17","guid":{"rendered":"http:\/\/www.levytila.net\/tiemi\/?page_id=12"},"modified":"2024-08-28T06:59:35","modified_gmt":"2024-08-28T06:59:35","slug":"etusivu","status":"publish","type":"page","link":"http:\/\/www.levytila.net\/tiemi\/","title":{"rendered":"Etusivu"},"content":{"rendered":"\t\t<div data-elementor-type=\"wp-page\" data-elementor-id=\"12\" class=\"elementor elementor-12\">\n\t\t\t\t\t\t<div class=\"elementor-inner\">\n\t\t\t\t<div class=\"elementor-section-wrap\">\n\t\t\t\t\t\t\t\t\t<section class=\"elementor-section elementor-top-section elementor-element elementor-element-3d236c7 elementor-section-boxed elementor-section-height-default elementor-section-height-default\" data-id=\"3d236c7\" data-element_type=\"section\">\n\t\t\t\t\t\t<div class=\"elementor-container elementor-column-gap-default\">\n\t\t\t\t\t\t\t<div class=\"elementor-row\">\n\t\t\t\t\t<div class=\"elementor-column elementor-col-100 elementor-top-column elementor-element elementor-element-69a143c\" data-id=\"69a143c\" data-element_type=\"column\">\n\t\t\t<div class=\"elementor-column-wrap elementor-element-populated\">\n\t\t\t\t\t\t\t<div class=\"elementor-widget-wrap\">\n\t\t\t\t\t\t<div class=\"elementor-element elementor-element-a30f36f elementor-widget-divider--view-line elementor-widget elementor-widget-divider\" data-id=\"a30f36f\" data-element_type=\"widget\" data-widget_type=\"divider.default\">\n\t\t\t\t<div class=\"elementor-widget-container\">\n\t\t\t\t\t<div class=\"elementor-divider\">\n\t\t\t<span class=\"elementor-divider-separator\">\n\t\t\t\t\t\t<\/span>\n\t\t<\/div>\n\t\t\t\t<\/div>\n\t\t\t\t<\/div>\n\t\t\t\t<div class=\"elementor-element elementor-element-2001fae elementor-position-top elementor-vertical-align-top elementor-widget elementor-widget-image-box\" data-id=\"2001fae\" data-element_type=\"widget\" data-widget_type=\"image-box.default\">\n\t\t\t\t<div class=\"elementor-widget-container\">\n\t\t\t<div class=\"elementor-image-box-wrapper\"><figure class=\"elementor-image-box-img\"><img loading=\"lazy\" decoding=\"async\" width=\"900\" height=\"369\" src=\"http:\/\/www.levytila.net\/tiemi\/wp-content\/uploads\/2019\/09\/tiemi_logo.gif\" class=\"attachment-full size-full\" alt=\"\" \/><\/figure><div class=\"elementor-image-box-content\"><h3 class=\"elementor-image-box-title\">Palveluja tiekunnille<\/h3><p class=\"elementor-image-box-description\">Tiemi Oy on vuonna 2008 perustettu tieis\u00e4nn\u00f6intiyritys, <br>joka tarjoaa yksil\u00f6llisi\u00e4 palveluita tiekuntien tarpeen mukaan.<br><\/p><\/div><\/div>\t\t<\/div>\n\t\t\t\t<\/div>\n\t\t\t\t<div class=\"elementor-element elementor-element-b1dce00 elementor-widget elementor-widget-image\" data-id=\"b1dce00\" data-element_type=\"widget\" data-widget_type=\"image.default\">\n\t\t\t\t<div class=\"elementor-widget-container\">\n\t\t\t\t\t\t\t\t<div class=\"elementor-image\">\n\t\t\t\t\t\t\t\t\t\t\t\t<img loading=\"lazy\" decoding=\"async\" width=\"779\" height=\"148\" src=\"http:\/\/www.levytila.net\/tiemi\/wp-content\/uploads\/2019\/09\/tie.gif\" class=\"attachment-full size-full\" alt=\"\" sizes=\"auto, (max-width: 34.9rem) calc(100vw - 2rem), (max-width: 53rem) calc(8 * (100vw \/ 12)), (min-width: 53rem) calc(6 * (100vw \/ 12)), 100vw\" \/>\t\t\t\t\t\t\t\t\t\t\t\t\t\t<\/div>\n\t\t\t\t\t\t<\/div>\n\t\t\t\t<\/div>\n\t\t\t\t\t\t<\/div>\n\t\t\t\t\t<\/div>\n\t\t<\/div>\n\t\t\t\t\t\t\t\t<\/div>\n\t\t\t\t\t<\/div>\n\t\t<\/section>\n\t\t\t\t<section class=\"elementor-section elementor-top-section elementor-element elementor-element-5f99754 elementor-section-boxed elementor-section-height-default elementor-section-height-default\" data-id=\"5f99754\" data-element_type=\"section\">\n\t\t\t\t\t\t<div class=\"elementor-container elementor-column-gap-default\">\n\t\t\t\t\t\t\t<div class=\"elementor-row\">\n\t\t\t\t\t<div class=\"elementor-column elementor-col-100 elementor-top-column elementor-element elementor-element-1d2b87a\" data-id=\"1d2b87a\" data-element_type=\"column\">\n\t\t\t<div class=\"elementor-column-wrap elementor-element-populated\">\n\t\t\t\t\t\t\t<div class=\"elementor-widget-wrap\">\n\t\t\t\t\t\t<div class=\"elementor-element elementor-element-2be28cd elementor-tabs-view-horizontal elementor-widget elementor-widget-tabs\" data-id=\"2be28cd\" data-element_type=\"widget\" data-widget_type=\"tabs.default\">\n\t\t\t\t<div class=\"elementor-widget-container\">\n\t\t\t\t\t<div class=\"elementor-tabs\">\n\t\t\t<div class=\"elementor-tabs-wrapper\" role=\"tablist\" >\n\t\t\t\t\t\t\t\t\t<div id=\"elementor-tab-title-4601\" class=\"elementor-tab-title elementor-tab-desktop-title\" aria-selected=\"true\" data-tab=\"1\" role=\"tab\" tabindex=\"0\" aria-controls=\"elementor-tab-content-4601\" aria-expanded=\"false\"><a href=\"\">Yleist\u00e4<\/a><\/div>\n\t\t\t\t\t\t\t\t\t<div id=\"elementor-tab-title-4602\" class=\"elementor-tab-title elementor-tab-desktop-title\" aria-selected=\"false\" data-tab=\"2\" role=\"tab\" tabindex=\"-1\" aria-controls=\"elementor-tab-content-4602\" aria-expanded=\"false\"><a href=\"\">Palvelut<\/a><\/div>\n\t\t\t\t\t\t\t\t\t<div id=\"elementor-tab-title-4603\" class=\"elementor-tab-title elementor-tab-desktop-title\" aria-selected=\"false\" data-tab=\"3\" role=\"tab\" tabindex=\"-1\" aria-controls=\"elementor-tab-content-4603\" aria-expanded=\"false\"><a href=\"\">Ota yhteytt\u00e4!<\/a><\/div>\n\t\t\t\t\t\t\t<\/div>\n\t\t\t<div class=\"elementor-tabs-content-wrapper\" role=\"tablist\" aria-orientation=\"vertical\">\n\t\t\t\t\t\t\t\t\t<div class=\"elementor-tab-title elementor-tab-mobile-title\" aria-selected=\"true\" data-tab=\"1\" role=\"tab\" tabindex=\"0\" aria-controls=\"elementor-tab-content-4601\" aria-expanded=\"false\">Yleist\u00e4<\/div>\n\t\t\t\t\t<div id=\"elementor-tab-content-4601\" class=\"elementor-tab-content elementor-clearfix\" data-tab=\"1\" role=\"tabpanel\" aria-labelledby=\"elementor-tab-title-4601\" tabindex=\"0\" hidden=\"false\"><p><span style=\"font-size: 1em;\">Olemme Suomen Tieyhdistys ry:n TIKO-kouluttamia yksityisteiden tieis\u00e4nn\u00f6itsij\u00f6it\u00e4. Lyhenne TIKO tulee sanasta\u00a0TieIs\u00e4nn\u00f6itsij\u00e4KOulutus osoittaen, ett\u00e4 is\u00e4nn\u00f6itsij\u00e4 on k\u00e4ynyt Tieyhdistyksen j\u00e4rjest\u00e4m\u00e4n TIKO-koulutuksen.<\/span><\/p><p>\u00a0<\/p><p><b>Mit\u00e4 hy\u00f6ty\u00e4 tieis\u00e4nn\u00f6itsij\u00e4st\u00e4 on?<\/b><\/p><p>Ulkopuolisena tahona tieis\u00e4nn\u00f6itsij\u00e4 hoitaa ty\u00f6ns\u00e4 puolueettomasti tiekunnan parasta ajatellen. T\u00e4m\u00e4 ennaltaehk\u00e4isee riitatilanteiden synty\u00e4.<\/p><p>Hallitsemalla kokonaisuutta tieis\u00e4nn\u00f6itsij\u00e4 pystyy toimimaan kustannustehokkaasti.<\/p><p>Tieis\u00e4nn\u00f6itsij\u00e4lt\u00e4 l\u00f6ytyy yksityistieasioiden viimeisin tieto ja osaaminen.<\/p><\/div>\n\t\t\t\t\t\t\t\t\t<div class=\"elementor-tab-title elementor-tab-mobile-title\" aria-selected=\"false\" data-tab=\"2\" role=\"tab\" tabindex=\"-1\" aria-controls=\"elementor-tab-content-4602\" aria-expanded=\"false\">Palvelut<\/div>\n\t\t\t\t\t<div id=\"elementor-tab-content-4602\" class=\"elementor-tab-content elementor-clearfix\" data-tab=\"2\" role=\"tabpanel\" aria-labelledby=\"elementor-tab-title-4602\" tabindex=\"0\" hidden=\"hidden\"><p>Tarjoamme mm. seuraavia palveluita:<\/p><ul><li>Osakasrekisterin yll\u00e4pito<\/li><li>Maksuunpanoluettelon laatiminen<\/li><li>Kokouskutsujen l\u00e4hetys<\/li><li>Tiemaksujen laskutus, maksujen seuranta, mahdollisen perinn\u00e4n k\u00e4ynnist\u00e4minen<\/li><li>Maksuliikenteen hoito<\/li><li>Kunnossapitoavustushakemusten laatiminen<\/li><li>Mahdollisen veroilmoituksen laatiminen<\/li><li>Puhelimitse annettu neuvonta<\/li><li>Tieyksikk\u00f6laskelmat<\/li><li>Perusparannussuunnitelmat<\/li><\/ul><div>\u00a0 \u00a0 Kysy lis\u00e4\u00e4!<\/div><\/div>\n\t\t\t\t\t\t\t\t\t<div class=\"elementor-tab-title elementor-tab-mobile-title\" aria-selected=\"false\" data-tab=\"3\" role=\"tab\" tabindex=\"-1\" aria-controls=\"elementor-tab-content-4603\" aria-expanded=\"false\">Ota yhteytt\u00e4!<\/div>\n\t\t\t\t\t<div id=\"elementor-tab-content-4603\" class=\"elementor-tab-content elementor-clearfix\" data-tab=\"3\" role=\"tabpanel\" aria-labelledby=\"elementor-tab-title-4603\" tabindex=\"0\" hidden=\"hidden\"><p style=\"text-align: center;\">Teit\u00e4 palvelee:<\/p><p style=\"text-align: center;\">Kouvolan seudulla <b>Tapani Mikkola, p. 041 543 8852, <a href=\"mailto:toimisto@tiemi.fi\">toimisto@tiemi.fi<\/a><\/b><\/p><p style=\"text-align: center;\">Asikkalan seudulla <b>Jussi Mikkola, <a href=\"mailto:asikkala@tiemi.fi\">asikkala@tiemi.fi<\/a><\/b><\/p><p style=\"text-align: center;\">.<\/p><\/div>\n\t\t\t\t\t\t\t<\/div>\n\t\t<\/div>\n\t\t\t\t<\/div>\n\t\t\t\t<\/div>\n\t\t\t\t\t\t<\/div>\n\t\t\t\t\t<\/div>\n\t\t<\/div>\n\t\t\t\t\t\t\t\t<\/div>\n\t\t\t\t\t<\/div>\n\t\t<\/section>\n\t\t\t\t<section class=\"elementor-section elementor-top-section elementor-element elementor-element-6b13dab elementor-section-boxed elementor-section-height-default elementor-section-height-default\" data-id=\"6b13dab\" data-element_type=\"section\">\n\t\t\t\t\t\t<div class=\"elementor-container elementor-column-gap-default\">\n\t\t\t\t\t\t\t<div class=\"elementor-row\">\n\t\t\t\t\t<div class=\"elementor-column elementor-col-100 elementor-top-column elementor-element elementor-element-2cece9e\" data-id=\"2cece9e\" data-element_type=\"column\">\n\t\t\t<div class=\"elementor-column-wrap elementor-element-populated\">\n\t\t\t\t\t\t\t<div class=\"elementor-widget-wrap\">\n\t\t\t\t\t\t<div class=\"elementor-element elementor-element-d38d6d2 elementor-widget elementor-widget-text-editor\" data-id=\"d38d6d2\" data-element_type=\"widget\" data-widget_type=\"text-editor.default\">\n\t\t\t\t<div class=\"elementor-widget-container\">\n\t\t\t\t\t\t\t\t<div class=\"elementor-text-editor elementor-clearfix\">\n\t\t\t\t\t\t\t\t\t<\/div>\n\t\t\t\t\t\t<\/div>\n\t\t\t\t<\/div>\n\t\t\t\t<div class=\"elementor-element elementor-element-743d71c elementor-widget-divider--view-line elementor-widget elementor-widget-divider\" data-id=\"743d71c\" data-element_type=\"widget\" data-widget_type=\"divider.default\">\n\t\t\t\t<div class=\"elementor-widget-container\">\n\t\t\t\t\t<div class=\"elementor-divider\">\n\t\t\t<span class=\"elementor-divider-separator\">\n\t\t\t\t\t\t<\/span>\n\t\t<\/div>\n\t\t\t\t<\/div>\n\t\t\t\t<\/div>\n\t\t\t\t\t\t<\/div>\n\t\t\t\t\t<\/div>\n\t\t<\/div>\n\t\t\t\t\t\t\t\t<\/div>\n\t\t\t\t\t<\/div>\n\t\t<\/section>\n\t\t\t\t<section class=\"elementor-section elementor-top-section elementor-element elementor-element-b15f937 elementor-section-boxed elementor-section-height-default elementor-section-height-default\" data-id=\"b15f937\" data-element_type=\"section\">\n\t\t\t\t\t\t<div class=\"elementor-container elementor-column-gap-default\">\n\t\t\t\t\t\t\t<div class=\"elementor-row\">\n\t\t\t\t\t<div class=\"elementor-column elementor-col-33 elementor-top-column elementor-element elementor-element-c6d8fe3\" data-id=\"c6d8fe3\" data-element_type=\"column\">\n\t\t\t<div class=\"elementor-column-wrap elementor-element-populated\">\n\t\t\t\t\t\t\t<div class=\"elementor-widget-wrap\">\n\t\t\t\t\t\t<div class=\"elementor-element elementor-element-dbc0070 elementor-widget elementor-widget-text-editor\" data-id=\"dbc0070\" data-element_type=\"widget\" data-widget_type=\"text-editor.default\">\n\t\t\t\t<div class=\"elementor-widget-container\">\n\t\t\t\t\t\t\t\t<div class=\"elementor-text-editor elementor-clearfix\">\n\t\t\t\t<pre>Tiemi Oy<br \/>2168377-9<\/pre>\t\t\t\t\t<\/div>\n\t\t\t\t\t\t<\/div>\n\t\t\t\t<\/div>\n\t\t\t\t\t\t<\/div>\n\t\t\t\t\t<\/div>\n\t\t<\/div>\n\t\t\t\t<div class=\"elementor-column elementor-col-33 elementor-top-column elementor-element elementor-element-e1e25e5\" data-id=\"e1e25e5\" data-element_type=\"column\">\n\t\t\t<div class=\"elementor-column-wrap elementor-element-populated\">\n\t\t\t\t\t\t\t<div class=\"elementor-widget-wrap\">\n\t\t\t\t\t\t<div class=\"elementor-element elementor-element-bb3213a elementor-widget elementor-widget-text-editor\" data-id=\"bb3213a\" data-element_type=\"widget\" data-widget_type=\"text-editor.default\">\n\t\t\t\t<div class=\"elementor-widget-container\">\n\t\t\t\t\t\t\t\t<div class=\"elementor-text-editor elementor-clearfix\">\n\t\t\t\t<pre>Ahvenistontie 191<br \/>47710 Jaala<\/pre>\t\t\t\t\t<\/div>\n\t\t\t\t\t\t<\/div>\n\t\t\t\t<\/div>\n\t\t\t\t\t\t<\/div>\n\t\t\t\t\t<\/div>\n\t\t<\/div>\n\t\t\t\t<div class=\"elementor-column elementor-col-33 elementor-top-column elementor-element elementor-element-e8d0319\" data-id=\"e8d0319\" data-element_type=\"column\">\n\t\t\t<div class=\"elementor-column-wrap elementor-element-populated\">\n\t\t\t\t\t\t\t<div class=\"elementor-widget-wrap\">\n\t\t\t\t\t\t<div class=\"elementor-element elementor-element-f684a12 elementor-widget elementor-widget-text-editor\" data-id=\"f684a12\" data-element_type=\"widget\" data-widget_type=\"text-editor.default\">\n\t\t\t\t<div class=\"elementor-widget-container\">\n\t\t\t\t\t\t\t\t<div class=\"elementor-text-editor elementor-clearfix\">\n\t\t\t\t<pre>p. 041 543 8852<br \/><a href=\"mailto:toimisto@tiemi.fi\">toimisto@tiemi.fi<\/a><\/pre>\t\t\t\t\t<\/div>\n\t\t\t\t\t\t<\/div>\n\t\t\t\t<\/div>\n\t\t\t\t\t\t<\/div>\n\t\t\t\t\t<\/div>\n\t\t<\/div>\n\t\t\t\t\t\t\t\t<\/div>\n\t\t\t\t\t<\/div>\n\t\t<\/section>\n\t\t\t\t<section class=\"elementor-section elementor-top-section elementor-element elementor-element-fe3ad3d elementor-section-boxed elementor-section-height-default elementor-section-height-default\" data-id=\"fe3ad3d\" data-element_type=\"section\">\n\t\t\t\t\t\t<div class=\"elementor-container elementor-column-gap-default\">\n\t\t\t\t\t\t\t<div class=\"elementor-row\">\n\t\t\t\t\t<div class=\"elementor-column elementor-col-100 elementor-top-column elementor-element elementor-element-5bfb7e0\" data-id=\"5bfb7e0\" data-element_type=\"column\">\n\t\t\t<div class=\"elementor-column-wrap elementor-element-populated\">\n\t\t\t\t\t\t\t<div class=\"elementor-widget-wrap\">\n\t\t\t\t\t\t<div class=\"elementor-element elementor-element-699ae19 elementor-widget-divider--view-line elementor-widget elementor-widget-divider\" data-id=\"699ae19\" data-element_type=\"widget\" data-widget_type=\"divider.default\">\n\t\t\t\t<div class=\"elementor-widget-container\">\n\t\t\t\t\t<div class=\"elementor-divider\">\n\t\t\t<span class=\"elementor-divider-separator\">\n\t\t\t\t\t\t<\/span>\n\t\t<\/div>\n\t\t\t\t<\/div>\n\t\t\t\t<\/div>\n\t\t\t\t\t\t<\/div>\n\t\t\t\t\t<\/div>\n\t\t<\/div>\n\t\t\t\t\t\t\t\t<\/div>\n\t\t\t\t\t<\/div>\n\t\t<\/section>\n\t\t\t\t\t\t\t\t\t<\/div>\n\t\t\t<\/div>\n\t\t\t\t\t<\/div>\n\t\t","protected":false},"excerpt":{"rendered":"<p>Palveluja tiekunnille Tiemi Oy on vuonna 2008 perustettu tieis\u00e4nn\u00f6intiyritys, joka tarjoaa yksil\u00f6llisi\u00e4 palveluita tiekuntien tarpeen mukaan. Yleist\u00e4 Palvelut Ota yhteytt\u00e4! Yleist\u00e4 Olemme Suomen Tieyhdistys ry:n TIKO-kouluttamia yksityisteiden tieis\u00e4nn\u00f6itsij\u00f6it\u00e4. Lyhenne TIKO tulee sanasta\u00a0TieIs\u00e4nn\u00f6itsij\u00e4KOulutus osoittaen, ett\u00e4 is\u00e4nn\u00f6itsij\u00e4 on k\u00e4ynyt Tieyhdistyksen j\u00e4rjest\u00e4m\u00e4n TIKO-koulutuksen. \u00a0 Mit\u00e4 hy\u00f6ty\u00e4 tieis\u00e4nn\u00f6itsij\u00e4st\u00e4 on? Ulkopuolisena tahona tieis\u00e4nn\u00f6itsij\u00e4 hoitaa ty\u00f6ns\u00e4 puolueettomasti tiekunnan parasta ajatellen. T\u00e4m\u00e4 &hellip; <\/p>\n<p class=\"link-more\"><a href=\"http:\/\/www.levytila.net\/tiemi\/\" class=\"more-link\">Jatka lukemista<span class=\"screen-reader-text\"> &#8221;Etusivu&#8221;<\/span><\/a><\/p>\n","protected":false},"author":1,"featured_media":0,"parent":0,"menu_order":0,"comment_status":"closed","ping_status":"closed","template":"elementor_canvas","meta":{"footnotes":""},"class_list":["post-12","page","type-page","status-publish","hentry","entry"],"_links":{"self":[{"href":"http:\/\/www.levytila.net\/tiemi\/wp-json\/wp\/v2\/pages\/12","targetHints":{"allow":["GET"]}}],"collection":[{"href":"http:\/\/www.levytila.net\/tiemi\/wp-json\/wp\/v2\/pages"}],"about":[{"href":"http:\/\/www.levytila.net\/tiemi\/wp-json\/wp\/v2\/types\/page"}],"author":[{"embeddable":true,"href":"http:\/\/www.levytila.net\/tiemi\/wp-json\/wp\/v2\/users\/1"}],"replies":[{"embeddable":true,"href":"http:\/\/www.levytila.net\/tiemi\/wp-json\/wp\/v2\/comments?post=12"}],"version-history":[{"count":47,"href":"http:\/\/www.levytila.net\/tiemi\/wp-json\/wp\/v2\/pages\/12\/revisions"}],"predecessor-version":[{"id":102,"href":"http:\/\/www.levytila.net\/tiemi\/wp-json\/wp\/v2\/pages\/12\/revisions\/102"}],"wp:attachment":[{"href":"http:\/\/www.levytila.net\/tiemi\/wp-json\/wp\/v2\/media?parent=12"}],"curies":[{"name":"wp","href":"https:\/\/api.w.org\/{rel}","templated":true}]}}